{"id":3276,"date":"2024-07-27T11:03:00","date_gmt":"2024-07-27T11:03:00","guid":{"rendered":"https:\/\/praeg-gmbh.de\/?page_id=3276"},"modified":"2026-02-27T15:50:21","modified_gmt":"2026-02-27T15:50:21","slug":"impressum","status":"publish","type":"page","link":"https:\/\/praeg-gmbh.de\/?page_id=3276","title":{"rendered":"Impressum"},"content":{"rendered":"\t\t<div data-elementor-type=\"wp-page\" data-elementor-id=\"3276\" class=\"elementor elementor-3276\" data-elementor-post-type=\"page\">\n\t\t\t\t<div class=\"elementor-element elementor-element-72b90cd e-flex e-con-boxed e-con e-parent\" data-id=\"72b90cd\" data-element_type=\"container\">\n\t\t\t\t\t<div class=\"e-con-inner\">\n\t\t\t\t<div class=\"elementor-element elementor-element-61142f4 elementor-widget elementor-widget-text-editor\" data-id=\"61142f4\" data-element_type=\"widget\" data-widget_type=\"text-editor.default\">\n\t\t\t\t<div class=\"elementor-widget-container\">\n\t\t\t<style>\/*! elementor - v3.23.0 - 05-08-2024 *\/\n.elementor-widget-text-editor.elementor-drop-cap-view-stacked .elementor-drop-cap{background-color:#69727d;color:#fff}.elementor-widget-text-editor.elementor-drop-cap-view-framed .elementor-drop-cap{color:#69727d;border:3px solid;background-color:transparent}.elementor-widget-text-editor:not(.elementor-drop-cap-view-default) .elementor-drop-cap{margin-top:8px}.elementor-widget-text-editor:not(.elementor-drop-cap-view-default) .elementor-drop-cap-letter{width:1em;height:1em}.elementor-widget-text-editor .elementor-drop-cap{float:left;text-align:center;line-height:1;font-size:50px}.elementor-widget-text-editor .elementor-drop-cap-letter{display:inline-block}<\/style>\t\t\t\t<h1>Impressum<\/h1><h2>Angaben gem\u00e4\u00df \u00a7 5 Digitale-Dienste-Gesetz (DDG)<\/h2><p>Pr\u00e4g GmbH<br \/>Hermann-Burkhardt-Str. 21<br \/>72793 Pfullingen<\/p><h2>Kontakt<\/h2><p>Telefon: 07121 \/ 715 74<br \/>E-Mail: <a href=\"mailto:info@praeg-gmbh.de\">info@praeg-gmbh.de<\/a><\/p><h2>Vertreten durch<\/h2><p>Gesch\u00e4ftsf\u00fchrer: Marc V\u00f6gele<\/p><h2>Registereintrag<\/h2><p>Eintragung im Handelsregister.<br \/>Registergericht: Amtsgericht Stuttgart<br \/>Registernummer: HRB 351427<\/p><h2>Umsatzsteuer-ID<\/h2><p>Umsatzsteuer-Identifikationsnummer gem\u00e4\u00df \u00a727 a Umsatzsteuergesetz: DE 146480766<\/p><h2>Verantwortlich f\u00fcr den Inhalt<\/h2><p>Verantwortlich f\u00fcr journalistisch-redaktionelle Inhalte (gem\u00e4\u00df \u00a7 18 Abs. 2 Medienstaatsvertrag &#8211; MStV):<\/p><p>Marc V\u00f6gele<br \/>Hermann-Burkhardt-Str. 21<br \/>72793 Pfullingen<\/p><h2>Verbraucherstreitbeilegung (VSBG-Hinweis)<\/h2><p>Wir sind <strong>nicht bereit oder verpflichtet<\/strong>, an Streitbeilegungsverfahren vor einer Verbraucherschlichtungsstelle teilzunehmen.<\/p><h2>Bildrechte<\/h2><p><span style=\"text-decoration: underline;\"><a href=\"https:\/\/stock.adobe.com\/de\/\">https:\/\/de.stock.adobe.com\/<\/a><\/span><\/p><h2>Grafikdesign<\/h2><p><span style=\"text-decoration: underline;\">Svetlana Morel &#8211; <a href=\"https:\/\/www.pixel-blau.de\/\">https:\/\/www.pixel-blau.de\/<\/a><\/span><\/p><h2>Haftungsausschluss<\/h2><h3>Haftung f\u00fcr Inhalte<\/h3><p>Als Diensteanbieter sind wir gem\u00e4\u00df \u00a7 7 Abs. 1 DDG f\u00fcr eigene Inhalte auf diesen Seiten nach den allgemeinen Gesetzen verantwortlich. Nach \u00a7\u00a7 8 bis 10 DDG sind wir als Diensteanbieter jedoch nicht verpflichtet, \u00fcbermittelte oder gespeicherte fremde Informationen zu \u00fcberwachen oder nach Umst\u00e4nden zu forschen, die auf eine rechtswidrige T\u00e4tigkeit hinweisen. Verpflichtungen zur Entfernung oder Sperrung der Nutzung von Informationen nach den allgemeinen Gesetzen bleiben hiervon unber\u00fchrt. Eine diesbez\u00fcgliche Haftung ist jedoch erst ab dem Zeitpunkt der Kenntnis einer konkreten Rechtsverletzung m\u00f6glich. Bei Bekanntwerden von entsprechenden Rechtsverletzungen werden wir diese Inhalte umgehend entfernen.<\/p><h3>Haftung f\u00fcr Links<\/h3><p>Unser Angebot enth\u00e4lt Links zu externen Webseiten Dritter, auf deren Inhalte wir keinen Einfluss haben. Deshalb k\u00f6nnen wir f\u00fcr diese fremden Inhalte auch keine Gew\u00e4hr \u00fcbernehmen. F\u00fcr die Inhalte der verlinkten Seiten ist stets der jeweilige Anbieter oder Betreiber der Seiten verantwortlich. Die verlinkten Seiten wurden zum Zeitpunkt der Verlinkung auf m\u00f6gliche Rechtsverst\u00f6\u00dfe \u00fcberpr\u00fcft. Rechtswidrige Inhalte waren zum Zeitpunkt der Verlinkung nicht erkennbar. Eine permanente inhaltliche Kontrolle der verlinkten Seiten ist jedoch ohne konkrete Anhaltspunkte einer Rechtsverletzung nicht zumutbar. Bei Bekanntwerden von Rechtsverletzungen werden wir derartige Links umgehend entfernen.<\/p><h3>Urheberrecht<\/h3><p>Die durch die Seitenbetreiber erstellten Inhalte und Werke auf diesen Seiten unterliegen dem deutschen Urheberrecht. Die Vervielf\u00e4ltigung, Bearbeitung, Verbreitung und jede Art der Verwertung au\u00dferhalb der Grenzen des Urheberrechtes bed\u00fcrfen der schriftlichen Zustimmung des jeweiligen Autors bzw. Erstellers. Soweit die Inhalte auf dieser Seite nicht vom Betreiber erstellt wurden, werden die Urheberrechte Dritter beachtet. Sollten Sie trotzdem auf eine Urheberrechtsverletzung aufmerksam werden, bitten wir um einen entsprechenden Hinweis. Bei Bekanntwerden von Rechtsverletzungen werden wir derartige Inhalte umgehend entfernen.<\/p>\t\t\t\t\t\t<\/div>\n\t\t\t\t<\/div>\n\t\t\t\t\t<\/div>\n\t\t\t\t<\/div>\n\t\t\t\t<\/div>\n\t\t","protected":false},"excerpt":{"rendered":"<p>Impressum Angaben gem\u00e4\u00df \u00a7 5 Digitale-Dienste-Gesetz (DDG) Pr\u00e4g GmbHHermann-Burkhardt-Str. 2172793 Pfullingen Kontakt Telefon: 07121 \/ 715 74E-Mail: info@praeg-gmbh.de Vertreten durch Gesch\u00e4ftsf\u00fchrer: Marc V\u00f6gele Registereintrag Eintragung im Handelsregister.Registergericht: Amtsgericht StuttgartRegisternummer: HRB 351427 Umsatzsteuer-ID Umsatzsteuer-Identifikationsnummer gem\u00e4\u00df \u00a727 a Umsatzsteuergesetz: DE 146480766 Verantwortlich f\u00fcr den Inhalt Verantwortlich f\u00fcr journalistisch-redaktionelle Inhalte (gem\u00e4\u00df \u00a7 18 Abs. 2 Medienstaatsvertrag &#8211; MStV): [&hellip;]<\/p>\n","protected":false},"author":1,"featured_media":0,"parent":0,"menu_order":0,"comment_status":"closed","ping_status":"closed","template":"","meta":{"footnotes":""},"class_list":["post-3276","page","type-page","status-publish","hentry"],"_links":{"self":[{"href":"https:\/\/praeg-gmbh.de\/index.php?rest_route=\/wp\/v2\/pages\/3276","targetHints":{"allow":["GET"]}}],"collection":[{"href":"https:\/\/praeg-gmbh.de\/index.php?rest_route=\/wp\/v2\/pages"}],"about":[{"href":"https:\/\/praeg-gmbh.de\/index.php?rest_route=\/wp\/v2\/types\/page"}],"author":[{"embeddable":true,"href":"https:\/\/praeg-gmbh.de\/index.php?rest_route=\/wp\/v2\/users\/1"}],"replies":[{"embeddable":true,"href":"https:\/\/praeg-gmbh.de\/index.php?rest_route=%2Fwp%2Fv2%2Fcomments&post=3276"}],"version-history":[{"count":34,"href":"https:\/\/praeg-gmbh.de\/index.php?rest_route=\/wp\/v2\/pages\/3276\/revisions"}],"predecessor-version":[{"id":5042,"href":"https:\/\/praeg-gmbh.de\/index.php?rest_route=\/wp\/v2\/pages\/3276\/revisions\/5042"}],"wp:attachment":[{"href":"https:\/\/praeg-gmbh.de\/index.php?rest_route=%2Fwp%2Fv2%2Fmedia&parent=3276"}],"curies":[{"name":"wp","href":"https:\/\/api.w.org\/{rel}","templated":true}]}}